{"id":135,"date":"2020-01-19T14:16:57","date_gmt":"2020-01-19T13:16:57","guid":{"rendered":"https:\/\/ffstkind.at\/?page_id=135"},"modified":"2020-01-19T14:43:49","modified_gmt":"2020-01-19T13:43:49","slug":"notruf","status":"publish","type":"page","link":"https:\/\/ffstkind.at\/?page_id=135","title":{"rendered":"Notruf"},"content":{"rendered":"\n<h3><strong>Was ist der Euronotruf?<\/strong> <\/h3>\n\n\n\n<p>Die Telefonnummer 112 ist die einheitliche europ\u00e4ische Notrufnummer  und der erste Kontaktpunkt (Public Safety Answering Point \u2013 PSAP). Hier  werden Notrufe entgegengenommen und die     Notfallinformationen an den entsprechenden Rettungsdienst, wie  Polizei, Feuerwehr und Krankenwagen, weitergeleitet.&nbsp; <\/p>\n\n\n\n<p>Der PSAP geh\u00f6rt entweder zu einer der genannten  Rettungsorgansationen oder dient als Schnittstelle zwischen Anrufern und  Rettungsdiensten. Die Organisation der Rettungsdienste bleibt jedoch  eine     nationale bzw. wie in Deutschland oder Spanien eine regionale  Aufgabe. <\/p>\n\n\n\n<p>Die Notrufnummer 112 wurde im Jahr 1991 eingerichtet und  schrittweise in allen EU-Staaten etabliert. Diese Nummer kann \u00fcberall in  der Europ\u00e4ischen Union aus dem Festnetz oder vom Mobiltelefon     kostenlos angew\u00e4hlt werden. In den meisten L\u00e4ndern erg\u00e4nzt die  Nummer 112 die bestehenden nationalen Notrufnummern und ersetzt diese  nicht. <\/p>\n\n\n\n<p> Der europaweit einheitliche Notruf 112 kann von jedem Telefon aus  gew\u00e4hlt werden \u2013 mit einem Handy auch ohne Netzvertrag, ohne Guthaben  und meist sogar ohne SIM-Card. <\/p>\n\n\n\n<h3><strong>Fakten zum Euronotruf<\/strong> <\/h3>\n\n\n\n<ul><li>Der Euronotruf sollte nur im europ\u00e4ischen Ausland oder vom Handy get\u00e4tigt werden\n    <\/li><li>W\u00e4hlt man den Euronotruf 112 in \u00d6sterreich, gelangt man \nhierzulande zur Sicherheitsexekutive, die je nach Notfall die zust\u00e4ndige\n Organisation alarmiert\n    <\/li><li>Der Euronotruf ist \u00f6sterreichweit ohne SIM-Karte erreichbar, es ist jedoch kein R\u00fcckruf m\u00f6glich\n    <\/li><li>Gilt in allen EU-L\u00e4ndern\n    <\/li><\/ul>\n\n\n\n<h3><strong>Notrufnummern einpr\u00e4gen<\/strong><\/h3>\n\n\n\n<p> Der \u00d6sterreichische Zivilschutzverband unterst\u00fctzt den europaweiten  \u201e112-Tag\u201c, trotzdem sollte der Euronotruf vor allem im EU-Ausland und  vom Handy get\u00e4tigt werden. Es ist ratsam, sich die     \u00f6sterreichischen Notrufnummern einzupr\u00e4gen und im Ernstfall direkt  bei der zust\u00e4ndigen Organisation anzurufen. <\/p>\n\n\n\n<h4><strong>122 Feuerwehr<\/strong><br><strong>133 Polizei<\/strong><br><strong>144 Rettung<\/strong><br><strong>112 Euronotruf<\/strong> <\/h4>\n\n\n\n<h3><strong>Eine genaue Unfallmeldung abgeben<\/strong> <\/h3>\n\n\n\n<p>Egal, welche Notrufnummer Sie gew\u00e4hlt haben, der Hilferuf muss immer  so pr\u00e4zise wie m\u00f6glich formuliert sein und sollte nicht vom Anrufer  beendet werden. Als Hilfe dienen hier die <strong>4     W\u00b4s:<\/strong> <\/p>\n\n\n\n<h3><strong>WO ist der Unfallort?<\/strong> <\/h3>\n\n\n\n<p>z.B.: Ort, Stra\u00dfe, Hausnummer, Autobahnkilometer <\/p>\n\n\n\n<h3><strong>WAS ist passiert?<\/strong> <\/h3>\n\n\n\n<p>z.B.: Autounfall, Brand, Herzinfarkt <\/p>\n\n\n\n<h3><strong>WIE VIELE?<\/strong> <\/h3>\n\n\n\n<p>z.B.: &nbsp;Anzahl der Verletzten, Hinweise auf besondere Umst\u00e4nde <\/p>\n\n\n\n<h3><strong>WER ruft an?<\/strong> <\/h3>\n\n\n\n<p>Name und Telefonnummer, warten auf R\u00fcckfragen <\/p>\n\n\n\n<p><strong>Wichtig:<\/strong> Der Notruf sollte nicht vom Anrufer  beendet werden. Wird unabsichtlich eine Notrufnummer gew\u00e4hlt, legen Sie  nicht auf, sondern erkl\u00e4ren Sie, dass es ein Versehen war. <\/p>\n\n\n\n<h3 id=\"cc-m-header-5908154718\">Notruf- und Notfallnummern in \u00d6sterreich<\/h3>\n\n\n\n<table class=\"wp-block-table\"><tbody><tr><td>\n                \n                    &nbsp;Feuerwehr\n                \n            <\/td><td>\n                &nbsp;122\n            <\/td><\/tr><tr><td>\n                &nbsp;Polizei\n            <\/td><td>\n                &nbsp;133\n            <\/td><\/tr><tr><td>\n                &nbsp;Rettung\n            <\/td><td>\n                &nbsp;144\n            <\/td><\/tr><tr><td>\n                &nbsp;Euronotruf\n            <\/td><td>\n                &nbsp;112\n            <\/td><\/tr><tr><td>\n                &nbsp;Bergrettung\n            <\/td><td>\n                &nbsp;140\n            <\/td><\/tr><tr><td>\n                &nbsp;Notruf f\u00fcr Geh\u00f6rlose\n            <\/td><td>\n                &nbsp;0800 133 133\n            <\/td><\/tr><tr><td>\n                &nbsp;\u00c4rztefunkdienst\n            <\/td><td>\n                &nbsp;141\n            <\/td><\/tr><tr><td>\n                &nbsp;ORF-Kinderservice\n            <\/td><td>\n                &nbsp;147\n            <\/td><\/tr><tr><td>\n                &nbsp;\u00c4rzteflugambulanz\n            <\/td><td>\n                &nbsp;40 144\n            <\/td><\/tr><tr><td>\n                &nbsp;Frauenhelpline\n            <\/td><td>\n                &nbsp;0800 222 555\n            <\/td><\/tr><tr><td>\n                &nbsp;Frauennotruf\n            <\/td><td>\n                &nbsp;01 71719\n            <\/td><\/tr><tr><td>\n                &nbsp;Telefonseelsorge\n            <\/td><td>\n                &nbsp;142\n            <\/td><\/tr><tr><td>\n                &nbsp;Gasgebrechen\n            <\/td><td>\n                &nbsp;128\n            <\/td><\/tr><tr><td>\n                &nbsp;ARB\u00d6\n            <\/td><td>\n                &nbsp;123\n            <\/td><\/tr><tr><td>\n                &nbsp;\u00d6AMTC\n            <\/td><td>\n                &nbsp;120\n            <\/td><\/tr><tr><td>\n                &nbsp;Kinder- und Jugendanwalt\n            <\/td><td>\n                &nbsp;0800 240264\n            <\/td><\/tr><tr><td>\n                &nbsp;Vergiftungsinformationszentrale\n            <\/td><td>\n                &nbsp;01 406 43 43\n            <\/td><\/tr><tr><td>\n                &nbsp;Servicenummer der Polizei\n            <\/td><td>\n                &nbsp;059 133\n            <\/td><\/tr><tr><td>\n                &nbsp;Hotline f\u00fcr vermisste Kinder\n            <\/td><td>\n                &nbsp;116000\n            <\/td><\/tr><\/tbody><\/table>\n\n\n\n<h3>Notruf f\u00fcr Geh\u00f6rlose <\/h3>\n\n\n\n<p>Eine Initiative von Innenministerium, den gro\u00dfen Telekomanbietern  und des WITAF &#8211; seit 1865 im Dienste der Geh\u00f6rlosen &#8211; hat die  M\u00f6glichkeit f\u00fcr Geh\u00f6rlose und H\u00f6rbehinderte geschaffen, \u00fcber eine     eigene Notrufnummer Hilfe herbeirufen zu k\u00f6nnen. <\/p>\n\n\n\n<p>Unter 0800\/133133 kann der Geh\u00f6rlose oder H\u00f6rbehinderte per Fax oder  per SMS Hilfe rufen. Die technische Plattform wurde durch das  Bundesministerium f\u00fcr Inneres eingerichtet, die Organisation der     einzuleitenden Ma\u00dfnahmen erfolgt durch die Funkstelle der Wiener  Polizei. <\/p>\n\n\n\n<p>Die gro\u00dfen \u00f6sterreichischen Netzbetreiber sorgen f\u00fcr die  M\u00f6glichkeit, dass Notrufe als SMS oder Home-SMS aus ganz \u00d6sterreich  abgesetzt werden k\u00f6nnen. <\/p>\n\n\n\n<p>Es gibt auch die Mailbox <a rel=\"noreferrer noopener\" href=\"mailto:gehoerlosennotruf@polizei.gv.at\" target=\"_blank\">gehoerlosennotruf@polizei.gv.at<\/a>, die neben     Fax und SMS als Zugang dient. <\/p>\n\n\n\n<p>WITAF bietet allen H\u00f6rbehinderten \u00d6sterreichs ein Notruf-Fax-Formular und eine SMS-Notruf-Bedienungsanleitung unter&nbsp; <a rel=\"noreferrer noopener\" href=\"http:\/\/www.witaf.at\/\" target=\"_blank\">http:\/\/www.witaf.at\/<\/a> zum Download an <\/p>\n\n\n\n<h3>Servicenummer der Polizei: 059 133 <\/h3>\n\n\n\n<p>Durch die Wahl dieser Nummer werden Sie automatisch und anabh\u00e4ngig  von Ihrem Standort in \u00d6sterreich mit der n\u00e4chstgelegenen  Polizeidienststelle verbunden. <\/p>\n\n\n\n<h3>Hotline f\u00fcr vermisste Kinder: 116000 <\/h3>\n\n\n\n<p>Unter der kostenfreien Nummer 116000 wird psychologische Beratung  f\u00fcr Kinder und Jugendliche sowie deren Eltern und Bezugspersonen rund um  die Uhr angeboten. <\/p>\n\n\n\n<p>Quellen und weitere Informationen: <br><a rel=\"noreferrer noopener\" href=\"http:\/\/www.siz.cc\/bund\" target=\"_blank\">Sicherheitsinformationszentrum \u00d6sterreich<\/a><br><a rel=\"noreferrer noopener\" href=\"http:\/\/www.bmi.gv.at\/cms\/BMI\/notruf\/start.aspx\" target=\"_blank\">Bundesministerium f\u00fcr Inneres<\/a> <br><a rel=\"noreferrer noopener\" href=\"http:\/\/www.fmk.at\/mobilfunktechnik\/notruf\/notrufstatistik\/\" target=\"_blank\">FMK<\/a> <\/p>\n","protected":false},"excerpt":{"rendered":"<p>Was ist der Euronotruf? Die Telefonnummer 112 ist die einheitliche europ\u00e4ische Notrufnummer und der erste Kontaktpunkt (Public Safety Answering Point \u2013 PSAP). Hier werden Notrufe entgegengenommen und die Notfallinformationen an den entsprechenden Rettungsdienst, wie Polizei, Feuerwehr und Krankenwagen, weitergeleitet.&nbsp; Der PSAP geh\u00f6rt entweder zu einer der genannten Rettungsorgansationen oder dient als Schnittstelle zwischen Anrufern und [&hellip;]<\/p>\n","protected":false},"author":2,"featured_media":0,"parent":0,"menu_order":0,"comment_status":"closed","ping_status":"closed","template":"","meta":[],"yoast_head":"<!-- This site is optimized with the Yoast SEO plugin v18.2 - https:\/\/yoast.com\/wordpress\/plugins\/seo\/ -->\n<title>Notruf - FF St. Kind<\/title>\n<meta name=\"robots\" content=\"index, follow, max-snippet:-1, max-image-preview:large, max-video-preview:-1\" \/>\n<link rel=\"canonical\" href=\"https:\/\/ffstkind.at\/?page_id=135\" \/>\n<meta property=\"og:locale\" content=\"de_DE\" \/>\n<meta property=\"og:type\" content=\"article\" \/>\n<meta property=\"og:title\" content=\"Notruf - FF St. Kind\" \/>\n<meta property=\"og:description\" content=\"Was ist der Euronotruf? Die Telefonnummer 112 ist die einheitliche europ\u00e4ische Notrufnummer und der erste Kontaktpunkt (Public Safety Answering Point \u2013 PSAP). Hier werden Notrufe entgegengenommen und die Notfallinformationen an den entsprechenden Rettungsdienst, wie Polizei, Feuerwehr und Krankenwagen, weitergeleitet.&nbsp; Der PSAP geh\u00f6rt entweder zu einer der genannten Rettungsorgansationen oder dient als Schnittstelle zwischen Anrufern und [&hellip;]\" \/>\n<meta property=\"og:url\" content=\"https:\/\/ffstkind.at\/?page_id=135\" \/>\n<meta property=\"og:site_name\" content=\"FF St. Kind\" \/>\n<meta property=\"article:modified_time\" content=\"2020-01-19T13:43:49+00:00\" \/>\n<meta name=\"twitter:card\" content=\"summary_large_image\" \/>\n<meta name=\"twitter:label1\" content=\"Gesch\u00e4tzte Lesezeit\" \/>\n\t<meta name=\"twitter:data1\" content=\"3\u00a0Minuten\" \/>\n<script type=\"application\/ld+json\" class=\"yoast-schema-graph\">{\"@context\":\"https:\/\/schema.org\",\"@graph\":[{\"@type\":\"WebSite\",\"@id\":\"https:\/\/ffstkind.at\/#website\",\"url\":\"https:\/\/ffstkind.at\/\",\"name\":\"FF St. Kind\",\"description\":\"Website der FF St. Kind\",\"potentialAction\":[{\"@type\":\"SearchAction\",\"target\":{\"@type\":\"EntryPoint\",\"urlTemplate\":\"https:\/\/ffstkind.at\/?s={search_term_string}\"},\"query-input\":\"required name=search_term_string\"}],\"inLanguage\":\"de\"},{\"@type\":\"WebPage\",\"@id\":\"https:\/\/ffstkind.at\/?page_id=135#webpage\",\"url\":\"https:\/\/ffstkind.at\/?page_id=135\",\"name\":\"Notruf - FF St. Kind\",\"isPartOf\":{\"@id\":\"https:\/\/ffstkind.at\/#website\"},\"datePublished\":\"2020-01-19T13:16:57+00:00\",\"dateModified\":\"2020-01-19T13:43:49+00:00\",\"breadcrumb\":{\"@id\":\"https:\/\/ffstkind.at\/?page_id=135#breadcrumb\"},\"inLanguage\":\"de\",\"potentialAction\":[{\"@type\":\"ReadAction\",\"target\":[\"https:\/\/ffstkind.at\/?page_id=135\"]}]},{\"@type\":\"BreadcrumbList\",\"@id\":\"https:\/\/ffstkind.at\/?page_id=135#breadcrumb\",\"itemListElement\":[{\"@type\":\"ListItem\",\"position\":1,\"name\":\"Startseite\",\"item\":\"https:\/\/ffstkind.at\/\"},{\"@type\":\"ListItem\",\"position\":2,\"name\":\"Notruf\"}]}]}<\/script>\n<!-- \/ Yoast SEO plugin. -->","yoast_head_json":{"title":"Notruf - FF St. Kind","robots":{"index":"index","follow":"follow","max-snippet":"max-snippet:-1","max-image-preview":"max-image-preview:large","max-video-preview":"max-video-preview:-1"},"canonical":"https:\/\/ffstkind.at\/?page_id=135","og_locale":"de_DE","og_type":"article","og_title":"Notruf - FF St. Kind","og_description":"Was ist der Euronotruf? Die Telefonnummer 112 ist die einheitliche europ\u00e4ische Notrufnummer und der erste Kontaktpunkt (Public Safety Answering Point \u2013 PSAP). Hier werden Notrufe entgegengenommen und die Notfallinformationen an den entsprechenden Rettungsdienst, wie Polizei, Feuerwehr und Krankenwagen, weitergeleitet.&nbsp; Der PSAP geh\u00f6rt entweder zu einer der genannten Rettungsorgansationen oder dient als Schnittstelle zwischen Anrufern und [&hellip;]","og_url":"https:\/\/ffstkind.at\/?page_id=135","og_site_name":"FF St. Kind","article_modified_time":"2020-01-19T13:43:49+00:00","twitter_card":"summary_large_image","twitter_misc":{"Gesch\u00e4tzte Lesezeit":"3\u00a0Minuten"},"schema":{"@context":"https:\/\/schema.org","@graph":[{"@type":"WebSite","@id":"https:\/\/ffstkind.at\/#website","url":"https:\/\/ffstkind.at\/","name":"FF St. Kind","description":"Website der FF St. Kind","potentialAction":[{"@type":"SearchAction","target":{"@type":"EntryPoint","urlTemplate":"https:\/\/ffstkind.at\/?s={search_term_string}"},"query-input":"required name=search_term_string"}],"inLanguage":"de"},{"@type":"WebPage","@id":"https:\/\/ffstkind.at\/?page_id=135#webpage","url":"https:\/\/ffstkind.at\/?page_id=135","name":"Notruf - FF St. Kind","isPartOf":{"@id":"https:\/\/ffstkind.at\/#website"},"datePublished":"2020-01-19T13:16:57+00:00","dateModified":"2020-01-19T13:43:49+00:00","breadcrumb":{"@id":"https:\/\/ffstkind.at\/?page_id=135#breadcrumb"},"inLanguage":"de","potentialAction":[{"@type":"ReadAction","target":["https:\/\/ffstkind.at\/?page_id=135"]}]},{"@type":"BreadcrumbList","@id":"https:\/\/ffstkind.at\/?page_id=135#breadcrumb","itemListElement":[{"@type":"ListItem","position":1,"name":"Startseite","item":"https:\/\/ffstkind.at\/"},{"@type":"ListItem","position":2,"name":"Notruf"}]}]}},"acf":[],"_links":{"self":[{"href":"https:\/\/ffstkind.at\/index.php?rest_route=\/wp\/v2\/pages\/135"}],"collection":[{"href":"https:\/\/ffstkind.at\/index.php?rest_route=\/wp\/v2\/pages"}],"about":[{"href":"https:\/\/ffstkind.at\/index.php?rest_route=\/wp\/v2\/types\/page"}],"author":[{"embeddable":true,"href":"https:\/\/ffstkind.at\/index.php?rest_route=\/wp\/v2\/users\/2"}],"replies":[{"embeddable":true,"href":"https:\/\/ffstkind.at\/index.php?rest_route=%2Fwp%2Fv2%2Fcomments&post=135"}],"version-history":[{"count":6,"href":"https:\/\/ffstkind.at\/index.php?rest_route=\/wp\/v2\/pages\/135\/revisions"}],"predecessor-version":[{"id":155,"href":"https:\/\/ffstkind.at\/index.php?rest_route=\/wp\/v2\/pages\/135\/revisions\/155"}],"wp:attachment":[{"href":"https:\/\/ffstkind.at\/index.php?rest_route=%2Fwp%2Fv2%2Fmedia&parent=135"}],"curies":[{"name":"wp","href":"https:\/\/api.w.org\/{rel}","templated":true}]}}