{"id":185,"date":"2020-01-19T19:15:16","date_gmt":"2020-01-19T18:15:16","guid":{"rendered":"https:\/\/ffstkind.at\/?page_id=185"},"modified":"2020-01-19T19:15:16","modified_gmt":"2020-01-19T18:15:16","slug":"datenschutzerklaerung","status":"publish","type":"page","link":"https:\/\/ffstkind.at\/?page_id=185","title":{"rendered":"Datenschutzerkl\u00e4rung"},"content":{"rendered":"\n<p>Wir freuen uns \u00fcber Ihren Besuch auf \nunserer Internetseite. Wir respektieren Ihre Privatsph\u00e4re. Der Schutz \nIhrer Privatsph\u00e4re bei der Verarbeitung personenbezogener Daten sowie \ndie Sicherheit aller Gesch\u00e4ftsdaten ist uns ein wichtiges Anliegen, das \nwir stets ber\u00fccksichtigen. Wir verarbeiten personenbezogene Daten, die \nbei Ihrem Besuch erhoben werden, vertraulich und nur gem\u00e4\u00df den \ngesetzlichen Bestimmungen.<\/p>\n\n\n\n<p><strong>Erhebung, Verarbeitung und Nutzung personenbezogener Daten<\/strong><br>\n Personenbezogene Daten sind alle Informationen, die sich auf eine \nidentifizierte oder identifizierbare nat\u00fcrliche Person beziehen, also \nbeispielsweise Namen, Anschriften, Telefonnummern, E-Mail-Adressen, \nVertrags-, Buchungs- und Abrechnungsdaten, die Ausdruck der Identit\u00e4t \neiner Person sind. Diese Daten werden von uns nur zum jeweils \nangegebenen Zweck verwendet, sicher verwahrt und nicht an Dritte \nweitergegeben. Bei Anfragen per E-Mail und\/oder Telefon, werden ihre \nDaten nur verwendet, wenn Sie hierin ausdr\u00fccklich eingewilligt haben. \n(Rechtsgrundlage: Einwilligung).<\/p>\n\n\n\n<p><strong>Der Provider<\/strong><br>erhebt\n und speichert automatisch Informationen am Webserver wie verwendeter \nBrowser, Betriebssystem, Verweisseite, IP-Adresse, Uhrzeit des Zugriffs \nusw. Diese Daten k\u00f6nnen ohne Pr\u00fcfung weiterer Datenquellen keinen \nbestimmten Personen zugeordnet werden und wir werten diese Daten auch \nnicht weiter aus solange keine rechtswidrige Nutzung unserer Webseite \nvorliegt.<\/p>\n\n\n\n<p><strong>Kontakt mit uns<\/strong><br>\n Wenn Sie per Formular auf der Website oder per E-Mail-Kontakt mit uns \naufnehmen, werden Ihre angegebenen Daten zwecks Bearbeitung der Anfrage,\n und f\u00fcr den Fall von Anschlussfragen kurzfristig bei uns gespeichert. \nDiese Daten geben wir nicht ohne Ihre Einwilligung weiter.<\/p>\n\n\n\n<p><strong>Dauer der Speicherung; Aufbewahrungsfristen<\/strong><br>\n Wir speichern Ihre Daten grunds\u00e4tzlich solange, wie dies zur Erbringung\n unserer Leistung und dem damit verbundenen Service erforderlich ist \nbzw. wenn Sie ein berechtigtes Interesse an der weiteren Speicherung \nhaben. In allen anderen F\u00e4llen l\u00f6schen wir Ihre personenbezogenen Daten \nmit Ausnahme solcher Daten, die wir zur Erf\u00fcllung rechtlicher \nVerpflichtungen weiter speichern m\u00fcssen (z. B. sind wir aufgrund steuer-\n und handelsrechtlicher Aufbewahrungsfristen verpflichtet, Dokumente wie\n z. B. Vertr\u00e4ge und Rechnungen f\u00fcr einen gewissen Zeitraum vorzuhalten).<\/p>\n\n\n\n<p><strong>Cookies<\/strong><br>Cookies\n sind Textdateien, die automatisch bei dem Aufruf einer Webseite lokal \nim Browser des Besuchers abgelegt werden. Diese Website setzt Cookies \nein, um das Angebot nutzerfreundlich und funktionaler zu gestalten. Dank\n dieser Dateien ist es beispielsweise m\u00f6glich, auf individuelle \nInteressen abgestimmte Informationen auf einer Seite anzuzeigen. Auch \nSicherheitsrelevante Funktionen zum Schutz Ihrer Privatsph\u00e4re werden \ndurch den Einsatz von Cookies erm\u00f6glicht. Der ausschlie\u00dfliche Zweck \nbesteht also darin, die Seiten-Nutzung so komfortabel wie m\u00f6glich zu \ngestalten. Mit Anwendung der DSGVO 2018 sind Webmaster dazu \nverpflichtet, der unter <a href=\"https:\/\/eu-datenschutz.org\/\" target=\"_blank\" rel=\"noreferrer noopener\">https:\/\/eu-datenschutz.org\/<\/a>\n ver\u00f6ffentlichten Grundverordnung Folge zu leisten und seine Nutzer \nentsprechend \u00fcber die Erfassung und Auswertung von Daten in Kenntnis zu \nsetzen. Die Rechtm\u00e4\u00dfigkeit der Verarbeitung ist in Kapitel 2, Artikel 6 \nder DSGVO begr\u00fcndet.<\/p>\n\n\n\n<p><strong>Google Maps<\/strong><br>\n Diese Webseite verwendet Google Maps f\u00fcr die Darstellung von \nKarteninformationen. Bei der Nutzung von Google Maps werden von Google \nauch Daten \u00fcber die Nutzung der Maps-Funktionen durch Besucher der \nWebseiten erhoben, verarbeitet und genutzt. N\u00e4here Informationen \u00fcber \ndie Datenverarbeitung durch Google k\u00f6nnen Sie den Datenschutzhinweisen \nvon Google auf<a href=\"https:\/\/www.google.at\/intl\/de\/policies\/privacy\/\" target=\"_blank\" rel=\"noreferrer noopener\">https:\/\/www.google.at\/intl\/de\/policies\/privacy\/<\/a>\n &nbsp;entnehmen. Dort k\u00f6nnen Sie im Datenschutzcenter auch Ihre \nEinstellungen ver\u00e4ndern, so dass Sie Ihre Daten verwalten und sch\u00fctzen \nk\u00f6nnen.<\/p>\n\n\n\n<p><strong>Sicherheit<\/strong> <br> Wir sind zur Verschwiegenheit und Einhaltung der Bestimmungen der anwendbaren Datenschutzgesetze verpflichtet. <br>\n Wir treffen alle erforderlichen technischen und organisatorischen \nMa\u00dfnahmen um ein angemessenes Schutzniveau zu gew\u00e4hrleisten und Ihre \ndurch uns verwalteten Daten insbesondere vor den Risiken der \nunbeabsichtigten oder unrechtm\u00e4\u00dfigen Vernichtung, Manipulation, Verlust,\n Ver\u00e4nderung oder unbefugter Offenlegung bzw. unbefugtem Zugriff zu \nsch\u00fctzen.<\/p>\n\n\n\n<p><strong>Ihre Rechte<\/strong><br>\n Ihnen stehen grunds\u00e4tzlich die Rechte auf Auskunft, Berichtigung, \nL\u00f6schung, Einschr\u00e4nkung, Daten\u00fcbertragbarkeit, Widerruf und Widerspruch \nzu. Wenn Sie glauben, dass die Verarbeitung Ihrer Daten gegen das \nDatenschutzrecht verst\u00f6\u00dft oder Ihre datenschutzrechtlichen Anspr\u00fcche \nsonst in einer Weise verletzt worden sind, k\u00f6nnen Sie sich bei der \nAufsichtsbeh\u00f6rde beschweren. <br> In \u00d6sterreich ist dies die Datenschutzbeh\u00f6rde.<\/p>\n\n\n\n<p><strong>Widerruf der Einwilligung:<\/strong><br>\n Sofern Sie uns eine Einwilligung in die Verarbeitung Ihrer Daten \nerteilt haben, k\u00f6nnen Sie diese jederzeit mit Wirkung f\u00fcr die Zukunft \nwiderrufen. Die Rechtm\u00e4\u00dfigkeit der Verarbeitung Ihrer Daten bis zum \nWiderruf bleibt hiervon unber\u00fchrt.<\/p>\n\n\n\n<p><strong>\u00c4nderung des Datenschutzhinweises<\/strong><br>\n Wir behalten uns das Recht vor, unsere Sicherheits- und \nDatenschutzma\u00dfnahmen zu ver\u00e4ndern, soweit dies wegen der technischen \nEntwicklung erforderlich ist. In diesen F\u00e4llen werden wir auch unsere \nHinweise zum Datenschutz entsprechend anpassen. Bitte beachten Sie daher\n die jeweils aktuelle Version unseres Datenschutzhinweises.<\/p>\n","protected":false},"excerpt":{"rendered":"<p>Wir freuen uns \u00fcber Ihren Besuch auf unserer Internetseite. Wir respektieren Ihre Privatsph\u00e4re. Der Schutz Ihrer Privatsph\u00e4re bei der Verarbeitung personenbezogener Daten sowie die Sicherheit aller Gesch\u00e4ftsdaten ist uns ein wichtiges Anliegen, das wir stets ber\u00fccksichtigen. Wir verarbeiten personenbezogene Daten, die bei Ihrem Besuch erhoben werden, vertraulich und nur gem\u00e4\u00df den gesetzlichen Bestimmungen. Erhebung, Verarbeitung [&hellip;]<\/p>\n","protected":false},"author":2,"featured_media":0,"parent":0,"menu_order":0,"comment_status":"closed","ping_status":"closed","template":"","meta":[],"yoast_head":"<!-- This site is optimized with the Yoast SEO plugin v18.2 - https:\/\/yoast.com\/wordpress\/plugins\/seo\/ -->\n<title>Datenschutzerkl\u00e4rung - FF St. Kind<\/title>\n<meta name=\"robots\" content=\"index, follow, max-snippet:-1, max-image-preview:large, max-video-preview:-1\" \/>\n<link rel=\"canonical\" href=\"https:\/\/ffstkind.at\/?page_id=185\" \/>\n<meta property=\"og:locale\" content=\"de_DE\" \/>\n<meta property=\"og:type\" content=\"article\" \/>\n<meta property=\"og:title\" content=\"Datenschutzerkl\u00e4rung - FF St. Kind\" \/>\n<meta property=\"og:description\" content=\"Wir freuen uns \u00fcber Ihren Besuch auf unserer Internetseite. Wir respektieren Ihre Privatsph\u00e4re. Der Schutz Ihrer Privatsph\u00e4re bei der Verarbeitung personenbezogener Daten sowie die Sicherheit aller Gesch\u00e4ftsdaten ist uns ein wichtiges Anliegen, das wir stets ber\u00fccksichtigen. Wir verarbeiten personenbezogene Daten, die bei Ihrem Besuch erhoben werden, vertraulich und nur gem\u00e4\u00df den gesetzlichen Bestimmungen. Erhebung, Verarbeitung [&hellip;]\" \/>\n<meta property=\"og:url\" content=\"https:\/\/ffstkind.at\/?page_id=185\" \/>\n<meta property=\"og:site_name\" content=\"FF St. Kind\" \/>\n<meta name=\"twitter:card\" content=\"summary_large_image\" \/>\n<meta name=\"twitter:label1\" content=\"Gesch\u00e4tzte Lesezeit\" \/>\n\t<meta name=\"twitter:data1\" content=\"4\u00a0Minuten\" \/>\n<script type=\"application\/ld+json\" class=\"yoast-schema-graph\">{\"@context\":\"https:\/\/schema.org\",\"@graph\":[{\"@type\":\"WebSite\",\"@id\":\"https:\/\/ffstkind.at\/#website\",\"url\":\"https:\/\/ffstkind.at\/\",\"name\":\"FF St. Kind\",\"description\":\"Website der FF St. Kind\",\"potentialAction\":[{\"@type\":\"SearchAction\",\"target\":{\"@type\":\"EntryPoint\",\"urlTemplate\":\"https:\/\/ffstkind.at\/?s={search_term_string}\"},\"query-input\":\"required name=search_term_string\"}],\"inLanguage\":\"de\"},{\"@type\":\"WebPage\",\"@id\":\"https:\/\/ffstkind.at\/?page_id=185#webpage\",\"url\":\"https:\/\/ffstkind.at\/?page_id=185\",\"name\":\"Datenschutzerkl\u00e4rung - FF St. Kind\",\"isPartOf\":{\"@id\":\"https:\/\/ffstkind.at\/#website\"},\"datePublished\":\"2020-01-19T18:15:16+00:00\",\"dateModified\":\"2020-01-19T18:15:16+00:00\",\"breadcrumb\":{\"@id\":\"https:\/\/ffstkind.at\/?page_id=185#breadcrumb\"},\"inLanguage\":\"de\",\"potentialAction\":[{\"@type\":\"ReadAction\",\"target\":[\"https:\/\/ffstkind.at\/?page_id=185\"]}]},{\"@type\":\"BreadcrumbList\",\"@id\":\"https:\/\/ffstkind.at\/?page_id=185#breadcrumb\",\"itemListElement\":[{\"@type\":\"ListItem\",\"position\":1,\"name\":\"Startseite\",\"item\":\"https:\/\/ffstkind.at\/\"},{\"@type\":\"ListItem\",\"position\":2,\"name\":\"Datenschutzerkl\u00e4rung\"}]}]}<\/script>\n<!-- \/ Yoast SEO plugin. -->","yoast_head_json":{"title":"Datenschutzerkl\u00e4rung - FF St. Kind","robots":{"index":"index","follow":"follow","max-snippet":"max-snippet:-1","max-image-preview":"max-image-preview:large","max-video-preview":"max-video-preview:-1"},"canonical":"https:\/\/ffstkind.at\/?page_id=185","og_locale":"de_DE","og_type":"article","og_title":"Datenschutzerkl\u00e4rung - FF St. Kind","og_description":"Wir freuen uns \u00fcber Ihren Besuch auf unserer Internetseite. Wir respektieren Ihre Privatsph\u00e4re. Der Schutz Ihrer Privatsph\u00e4re bei der Verarbeitung personenbezogener Daten sowie die Sicherheit aller Gesch\u00e4ftsdaten ist uns ein wichtiges Anliegen, das wir stets ber\u00fccksichtigen. Wir verarbeiten personenbezogene Daten, die bei Ihrem Besuch erhoben werden, vertraulich und nur gem\u00e4\u00df den gesetzlichen Bestimmungen. Erhebung, Verarbeitung [&hellip;]","og_url":"https:\/\/ffstkind.at\/?page_id=185","og_site_name":"FF St. Kind","twitter_card":"summary_large_image","twitter_misc":{"Gesch\u00e4tzte Lesezeit":"4\u00a0Minuten"},"schema":{"@context":"https:\/\/schema.org","@graph":[{"@type":"WebSite","@id":"https:\/\/ffstkind.at\/#website","url":"https:\/\/ffstkind.at\/","name":"FF St. Kind","description":"Website der FF St. Kind","potentialAction":[{"@type":"SearchAction","target":{"@type":"EntryPoint","urlTemplate":"https:\/\/ffstkind.at\/?s={search_term_string}"},"query-input":"required name=search_term_string"}],"inLanguage":"de"},{"@type":"WebPage","@id":"https:\/\/ffstkind.at\/?page_id=185#webpage","url":"https:\/\/ffstkind.at\/?page_id=185","name":"Datenschutzerkl\u00e4rung - FF St. Kind","isPartOf":{"@id":"https:\/\/ffstkind.at\/#website"},"datePublished":"2020-01-19T18:15:16+00:00","dateModified":"2020-01-19T18:15:16+00:00","breadcrumb":{"@id":"https:\/\/ffstkind.at\/?page_id=185#breadcrumb"},"inLanguage":"de","potentialAction":[{"@type":"ReadAction","target":["https:\/\/ffstkind.at\/?page_id=185"]}]},{"@type":"BreadcrumbList","@id":"https:\/\/ffstkind.at\/?page_id=185#breadcrumb","itemListElement":[{"@type":"ListItem","position":1,"name":"Startseite","item":"https:\/\/ffstkind.at\/"},{"@type":"ListItem","position":2,"name":"Datenschutzerkl\u00e4rung"}]}]}},"acf":[],"_links":{"self":[{"href":"https:\/\/ffstkind.at\/index.php?rest_route=\/wp\/v2\/pages\/185"}],"collection":[{"href":"https:\/\/ffstkind.at\/index.php?rest_route=\/wp\/v2\/pages"}],"about":[{"href":"https:\/\/ffstkind.at\/index.php?rest_route=\/wp\/v2\/types\/page"}],"author":[{"embeddable":true,"href":"https:\/\/ffstkind.at\/index.php?rest_route=\/wp\/v2\/users\/2"}],"replies":[{"embeddable":true,"href":"https:\/\/ffstkind.at\/index.php?rest_route=%2Fwp%2Fv2%2Fcomments&post=185"}],"version-history":[{"count":1,"href":"https:\/\/ffstkind.at\/index.php?rest_route=\/wp\/v2\/pages\/185\/revisions"}],"predecessor-version":[{"id":186,"href":"https:\/\/ffstkind.at\/index.php?rest_route=\/wp\/v2\/pages\/185\/revisions\/186"}],"wp:attachment":[{"href":"https:\/\/ffstkind.at\/index.php?rest_route=%2Fwp%2Fv2%2Fmedia&parent=185"}],"curies":[{"name":"wp","href":"https:\/\/api.w.org\/{rel}","templated":true}]}}